{"id":15,"date":"2014-10-25T23:45:09","date_gmt":"2014-10-25T19:45:09","guid":{"rendered":"https:\/\/bestlogistika.com\/2\/?page_id=15"},"modified":"2017-04-21T19:02:13","modified_gmt":"2017-04-21T15:02:13","slug":"delivery-europe","status":"publish","type":"page","link":"https:\/\/bestlogistika.com\/it\/delivery-europe\/","title":{"rendered":"Spedizioni Europa"},"content":{"rendered":"<p>Trasporto  merci tra i paesi appartenenti all&#8217;unione europea fa parte importante e richiesto del servizio delle societ\u00e0 del gruppo <a href=\"https:\/\/bestlogistika.com\" title=\"best\">Best Logistika Cargo<\/a>. Per la consegna di merci nel territorio europeo viene utilizzato il trasporto automobilistico da un minimo di cubatura fino ad un massimo di capacit\u00e0 di carico.<\/p>\n<p>La gestione di trasporto merci nel territorio europeo viene effettuato dagli uffici operativi della CE che si trovano in:<\/p>\n<p>\u2022 Repubblica Ceca (Praga)<br \/>\n\u2022 Germania (Colonia e Dusseldorf)<\/p>\n<p>Le societ\u00e0 del gruppo Best Logistika Cargo offrono le spedizioni di merci di qualsiasi grado di difficolt\u00e0 nel territorio di comunit\u00e0 europea:<\/p>\n<p>\u2022 prefabbricati (consolidamento nei magazzini all&#8217;interno dell&#8217;unione europea)<br \/>\n\u2022 di grandi dimensioni e pesanti,<br \/>\n\u2022 trasporto di merci pericolose;<br \/>\n\u2022 merci costose<\/p>\n<p>In attuazione di trasporto all&#8217;interno dell&#8217;UE, forniamo ai nostri clienti:<\/p>\n<p>\u2022 esecuzione delle condizioni dell&#8217;ordine di spedizione, tra cui i termini concordati di consegna di merci;<br \/>\n\u2022 il rispetto dei requisiti della legislazione europea e la conformit\u00e0 agli attuali standard ambientali;<br \/>\n\u2022 assicurazione del carico merci<br \/>\n\u2022 la fornitura giornaliera dell\u2019informazione scritta sull&#8217;esecuzione dell&#8217;ordine di spedizione (con l&#8217;indicazione della posizione del carico e la previsione del suo arrivo al punto di destinazione);<br \/>\n\u2022 il controllo (verifica) e la fornitura tempestiva dei documenti di spedizione<br \/>\n\u2022 il trasporto di carichi volume grande (fino a 100 m3) e di altezza fino a 3 metri;<\/p>\n<p>Per ottenere informazioni riguardanti alle tariffe per il trasporto all&#8217;interno dell&#8217;Europa, si pu\u00f2 contattare l\u2019ufficio Best Logistika Cargo s.r.o. a Praga.<br \/>\n<\/p>","protected":false},"excerpt":{"rendered":"<p>Trasporto merci tra i paesi appartenenti all&#8217;unione europea fa parte importante e richiesto del servizio delle societ\u00e0 del gruppo Best Logistika Cargo. Per la consegna di merci nel territorio europeo viene utilizzato il trasporto automobilistico da un minimo di cubatura fino ad un massimo di capacit\u00e0 di carico. La gestione di trasporto merci nel territorio [&hellip;]<\/p>\n","protected":false},"author":1,"featured_media":0,"parent":0,"menu_order":0,"comment_status":"open","ping_status":"open","template":"","meta":[],"acf":[],"_links":{"self":[{"href":"https:\/\/bestlogistika.com\/it\/wp-json\/wp\/v2\/pages\/15"}],"collection":[{"href":"https:\/\/bestlogistika.com\/it\/wp-json\/wp\/v2\/pages"}],"about":[{"href":"https:\/\/bestlogistika.com\/it\/wp-json\/wp\/v2\/types\/page"}],"author":[{"embeddable":true,"href":"https:\/\/bestlogistika.com\/it\/wp-json\/wp\/v2\/users\/1"}],"replies":[{"embeddable":true,"href":"https:\/\/bestlogistika.com\/it\/wp-json\/wp\/v2\/comments?post=15"}],"version-history":[{"count":33,"href":"https:\/\/bestlogistika.com\/it\/wp-json\/wp\/v2\/pages\/15\/revisions"}],"predecessor-version":[{"id":872,"href":"https:\/\/bestlogistika.com\/it\/wp-json\/wp\/v2\/pages\/15\/revisions\/872"}],"wp:attachment":[{"href":"https:\/\/bestlogistika.com\/it\/wp-json\/wp\/v2\/media?parent=15"}],"curies":[{"name":"wp","href":"https:\/\/api.w.org\/{rel}","templated":true}]}}