{"id":9,"date":"2014-10-25T23:43:16","date_gmt":"2014-10-25T19:43:16","guid":{"rendered":"https:\/\/bestlogistika.com\/2\/?page_id=9"},"modified":"2023-06-19T15:00:06","modified_gmt":"2023-06-19T11:00:06","slug":"about","status":"publish","type":"page","link":"https:\/\/bestlogistika.com\/de\/about\/","title":{"rendered":"\u00dcber uns"},"content":{"rendered":"<p>Die Firma &#8222;BEST LOGISTIKA CARGO&#8220; ist auf dem Markt der Transportdienstleistungen f\u00fcr mehr als zehn Jahren t\u00e4tig. &#8222;BEST LOGISTIKA CARGO&#8220; &#8211; ein Team von Fachleuten, die bereit ist, jede Lieferungsaufgabe von Waren im nationalen und internationalen Umfang auszuf\u00fchren.<\/p>\n<p>Bei der L\u00f6sung der Probleme unserer Kunden sorgen wir daf\u00fcr, dass unsere Aktivit\u00e4ten auf die Erhaltung der langfristigen Gesch\u00e4ftsbeziehungen ausgerichtet werden.<\/p>\n<p>&#8222;BEST LOGISTIKA CARGO&#8220; bietet seinen Kunden:<\/p>\n<p>&#8211; die erforderliche H\u00e4ufigkeit der Lieferung von Fahrzeugen, unabh\u00e4ngig von der Intensit\u00e4t des Verkehrs (wir halten jeden Zeitplan aus)<\/p>\n<p>&#8211; p\u00fcnktliche Lieferung der Ware (das Prinzip just in time)<\/p>\n<p>&#8211; die optimale L\u00f6sung f\u00fcr jede konkrete Lieferung, die Entwicklung von individuellen Logistiksystemen der Lieferung<\/p>\n<p>&#8211; die Arbeit mit Nachladungen, was heute aktuell ist<\/p>\n<p>&#8211; Flexibilit\u00e4t und Effizienz als die einzig m\u00f6glichen Bedingungen f\u00fcr die L\u00f6sung der komplexen Aufgaben des Kunden<\/p>\n<p>&#8211; qualitativer Service, Kundenorientierung; individuelle Behandlung jedes Kunden<\/p>\n<p>&#8211; ein vern\u00fcnftiges Gleichgewicht der Zuverl\u00e4ssigkeit, Verantwortung und Kosten f\u00fcr die Transportdienstleistungen<\/p>\n<p>Wir freuen uns, in Ihrem Gesicht einen neuen Kunden zu erhalten \u2013 einen Partner unseres Unternehmens und wir werden stolz sein, dass durch das Vertrauen ihrer Bestellungen, Sie Ihre Bereitschaft erkl\u00e4ren, mit uns auf einer regelm\u00e4\u00dfigen Basis zu arbeiten.<br \/>\n<\/p>","protected":false},"excerpt":{"rendered":"<p>Die Firma &#8222;BEST LOGISTIKA CARGO&#8220; ist auf dem Markt der Transportdienstleistungen f\u00fcr mehr als zehn Jahren t\u00e4tig. &#8222;BEST LOGISTIKA CARGO&#8220; &#8211; ein Team von Fachleuten, die bereit ist, jede Lieferungsaufgabe von Waren im nationalen und internationalen Umfang auszuf\u00fchren. Bei der L\u00f6sung der Probleme unserer Kunden sorgen wir daf\u00fcr, dass unsere Aktivit\u00e4ten auf die Erhaltung der [&hellip;]<\/p>\n","protected":false},"author":1,"featured_media":0,"parent":0,"menu_order":0,"comment_status":"open","ping_status":"open","template":"","meta":[],"acf":[],"_links":{"self":[{"href":"https:\/\/bestlogistika.com\/de\/wp-json\/wp\/v2\/pages\/9"}],"collection":[{"href":"https:\/\/bestlogistika.com\/de\/wp-json\/wp\/v2\/pages"}],"about":[{"href":"https:\/\/bestlogistika.com\/de\/wp-json\/wp\/v2\/types\/page"}],"author":[{"embeddable":true,"href":"https:\/\/bestlogistika.com\/de\/wp-json\/wp\/v2\/users\/1"}],"replies":[{"embeddable":true,"href":"https:\/\/bestlogistika.com\/de\/wp-json\/wp\/v2\/comments?post=9"}],"version-history":[{"count":27,"href":"https:\/\/bestlogistika.com\/de\/wp-json\/wp\/v2\/pages\/9\/revisions"}],"predecessor-version":[{"id":1075,"href":"https:\/\/bestlogistika.com\/de\/wp-json\/wp\/v2\/pages\/9\/revisions\/1075"}],"wp:attachment":[{"href":"https:\/\/bestlogistika.com\/de\/wp-json\/wp\/v2\/media?parent=9"}],"curies":[{"name":"wp","href":"https:\/\/api.w.org\/{rel}","templated":true}]}}