{"id":15,"date":"2014-10-25T23:45:09","date_gmt":"2014-10-25T19:45:09","guid":{"rendered":"https:\/\/bestlogistika.com\/2\/?page_id=15"},"modified":"2017-04-21T19:02:13","modified_gmt":"2017-04-21T15:02:13","slug":"delivery-europe","status":"publish","type":"page","link":"https:\/\/bestlogistika.com\/de\/delivery-europe\/","title":{"rendered":"Lieferung Europa"},"content":{"rendered":"<p>Frachtverkehr zwischen den zur Europ\u00e4ischen Union geh\u00f6renden L\u00e4ndern ist ein wichtiger und eingeforderter Service der Gruppe <a href=\"https:\/\/bestlogistika.com\" title=\"best\">Best Logistika Cargo<\/a>. F\u00fcr Lieferungen auf verschiedenen Strecken in Europa werden Fahrzeuge vom Minimum Rauminhalt bis zum Maximum Tragf\u00e4higkeit genutzt.<\/p>\n<p>Verwaltung der europ\u00e4ischen Bef\u00f6rderung erfolgt durch die B\u00fcros in der EU, die sich in<\/p>\n<p>\u2022 der Tschechischen Republik (Prag)<br \/>\n\u2022 Deutschland (K\u00f6ln, D\u00fcsseldorf)<br \/>\nbefinden.<\/p>\n<p>Die Gruppe Best Logistika Cargo bietet Ihnen die Bef\u00f6rderung von G\u00fctern in Europa von beliebiger Komplexit\u00e4t:<\/p>\n<p>\u2022 Sammelg\u00fcter (Konsolidierungslager in der EU)<br \/>\n\u2022 \u00dcbergro\u00dfe- und Schwertransporte<br \/>\n\u2022 Gefahrg\u00fcter;<br \/>\n\u2022 Wertvolle G\u00fcter<\/p>\n<p>F\u00fcr den Transport innerhalb der EU bieten wir unseren Kunden:<\/p>\n<p>\u2022 Erf\u00fcllung der Bedingungen des Transportauftrags, einschlie\u00dflich der vereinbarten Liefertermine;<br \/>\n\u2022 Beachtung der Anforderungen der europ\u00e4ischen Gesetzgebung und die Einhaltung der geltenden Umweltnormen;<br \/>\n\u2022 Frachtversicherung<br \/>\n\u2022 einen t\u00e4glichen Bericht \u00fcber die Durchf\u00fchrung des Transportauftrags (mit der Angabe des Standorts der Fracht und der Prognose ihrer Ankunft am Ziel);<br \/>\n\u2022 Kontrolle (\u00dcberwachung) und die rechtzeitige Bereitstellung von Versandpapieren<br \/>\n\u2022 Transport der Fracht einer erh\u00f6hten Gro\u00dfe (bis zu 100 m3) und einer H\u00f6he von 3 Metern;<\/p>\n<p>F\u00fcr die Tarife f\u00fcr den Transport innerhalb Europas k\u00f6nnen Sie das B\u00fcro in Prag Best Logistika Cargo s.r.o. kontaktieren.<\/p>","protected":false},"excerpt":{"rendered":"<p>Frachtverkehr zwischen den zur Europ\u00e4ischen Union geh\u00f6renden L\u00e4ndern ist ein wichtiger und eingeforderter Service der Gruppe Best Logistika Cargo. F\u00fcr Lieferungen auf verschiedenen Strecken in Europa werden Fahrzeuge vom Minimum Rauminhalt bis zum Maximum Tragf\u00e4higkeit genutzt. Verwaltung der europ\u00e4ischen Bef\u00f6rderung erfolgt durch die B\u00fcros in der EU, die sich in \u2022 der Tschechischen Republik (Prag) [&hellip;]<\/p>\n","protected":false},"author":1,"featured_media":0,"parent":0,"menu_order":0,"comment_status":"open","ping_status":"open","template":"","meta":[],"acf":[],"_links":{"self":[{"href":"https:\/\/bestlogistika.com\/de\/wp-json\/wp\/v2\/pages\/15"}],"collection":[{"href":"https:\/\/bestlogistika.com\/de\/wp-json\/wp\/v2\/pages"}],"about":[{"href":"https:\/\/bestlogistika.com\/de\/wp-json\/wp\/v2\/types\/page"}],"author":[{"embeddable":true,"href":"https:\/\/bestlogistika.com\/de\/wp-json\/wp\/v2\/users\/1"}],"replies":[{"embeddable":true,"href":"https:\/\/bestlogistika.com\/de\/wp-json\/wp\/v2\/comments?post=15"}],"version-history":[{"count":33,"href":"https:\/\/bestlogistika.com\/de\/wp-json\/wp\/v2\/pages\/15\/revisions"}],"predecessor-version":[{"id":872,"href":"https:\/\/bestlogistika.com\/de\/wp-json\/wp\/v2\/pages\/15\/revisions\/872"}],"wp:attachment":[{"href":"https:\/\/bestlogistika.com\/de\/wp-json\/wp\/v2\/media?parent=15"}],"curies":[{"name":"wp","href":"https:\/\/api.w.org\/{rel}","templated":true}]}}