{"id":13,"date":"2014-10-25T23:44:54","date_gmt":"2014-10-25T19:44:54","guid":{"rendered":"https:\/\/bestlogistika.com\/2\/?page_id=13"},"modified":"2017-04-21T19:06:14","modified_gmt":"2017-04-21T15:06:14","slug":"dostavka-sng","status":"publish","type":"page","link":"https:\/\/bestlogistika.com\/de\/dostavka-sng\/","title":{"rendered":"Lieferung GUS"},"content":{"rendered":"<p>Die Gruppe <a href=\"https:\/\/bestlogistika.com\" title=\"best\">Best Logistika Cargo<\/a> s.r.o. bietet den Transport der G\u00fcter unterschiedlicher Komplexit\u00e4t in die GUS-Staaten.<\/p>\n<p>Professionaler und integrierter Ansatz, langj\u00e4hrige Erfahrung der Mitarbeiter und die Entwicklung der Verkehrseinrichtungen bildeten unserem Unternehmen einen Ruf eines verl\u00e4sslichen Partners und Vollziehers.<\/p>\n<p>Unsere Vorteile:<\/p>\n<p>\u2022 Alle Arten von Fahrzeugen f\u00fcr die Anlieferung Ihrer Waren. Der G\u00fctertransport in die GUS-Staaten mit Eurotrucks von 3,5 bis auf 130 Kubikmeter, die Verwendung von K\u00fchlschr\u00e4nken, der Gro\u00df &#8211; und Mitnahmtransport, sowie spezielle LKW, Fahrzeuge mit Genehmigungen f\u00fcr die Bef\u00f6rderung gef\u00e4hrlicher G\u00fcter (ADR) und \u00fcbergro\u00dfe Plattformen.<\/p>\n<p>\u2022 Geographie der Bef\u00f6rderungen. Wir f\u00fchren Frachtverkehr in die folgenden L\u00e4nder der GUS &#8211; Russland, Wei\u00dfrussland, Ukraine, Moldawien, Kasachstan, Armenien, Kirgisistan, Turkmenistan, Usbekistan.<\/p>\n<p>\u2022 Flexible Tarife. Nat\u00fcrlich sind die Kosten f\u00fcr den Transport von Waren ein gro\u00dfer Haushaltsposten, den der Frachtversender bei der Auswahl einer Transportgesellschaft betrachtet. Wir optimieren Ihre Kosten f\u00fcr Transport auf der Grundlage eines genauen \u00dcberblicks \u00fcber die Tarife in jeder Richtung.<\/p>\n<p>\u2022 Eine st\u00e4ndige Kontrolle der Bewegung von Fahrzeugen. Moderne Ausstattung und Kommunikationssysteme sowie ununterbrochene Information \u00fcber den Verbleib der Waren erm\u00f6glichen den Kunden jederzeit Informationen \u00fcber die transportierte Ware zu erhalten und die Einhaltung der Liefertermine zu \u00fcberwachen.<\/p>\n<p>\u2022 Versicherung jeder Sendung. Unabh\u00e4ngig von der Art und dem Wert der Fracht bieten wir unseren Kunden Versicherungsleistungen f\u00fcr jede Sendung in einem separaten Fahrzeug  auf &#8222;alle Risiken&#8220;.<br \/>\n<\/p>","protected":false},"excerpt":{"rendered":"<p>Die Gruppe Best Logistika Cargo s.r.o. bietet den Transport der G\u00fcter unterschiedlicher Komplexit\u00e4t in die GUS-Staaten. Professionaler und integrierter Ansatz, langj\u00e4hrige Erfahrung der Mitarbeiter und die Entwicklung der Verkehrseinrichtungen bildeten unserem Unternehmen einen Ruf eines verl\u00e4sslichen Partners und Vollziehers. Unsere Vorteile: \u2022 Alle Arten von Fahrzeugen f\u00fcr die Anlieferung Ihrer Waren. Der G\u00fctertransport in die [&hellip;]<\/p>\n","protected":false},"author":1,"featured_media":0,"parent":0,"menu_order":0,"comment_status":"open","ping_status":"open","template":"","meta":[],"acf":[],"_links":{"self":[{"href":"https:\/\/bestlogistika.com\/de\/wp-json\/wp\/v2\/pages\/13"}],"collection":[{"href":"https:\/\/bestlogistika.com\/de\/wp-json\/wp\/v2\/pages"}],"about":[{"href":"https:\/\/bestlogistika.com\/de\/wp-json\/wp\/v2\/types\/page"}],"author":[{"embeddable":true,"href":"https:\/\/bestlogistika.com\/de\/wp-json\/wp\/v2\/users\/1"}],"replies":[{"embeddable":true,"href":"https:\/\/bestlogistika.com\/de\/wp-json\/wp\/v2\/comments?post=13"}],"version-history":[{"count":44,"href":"https:\/\/bestlogistika.com\/de\/wp-json\/wp\/v2\/pages\/13\/revisions"}],"predecessor-version":[{"id":873,"href":"https:\/\/bestlogistika.com\/de\/wp-json\/wp\/v2\/pages\/13\/revisions\/873"}],"wp:attachment":[{"href":"https:\/\/bestlogistika.com\/de\/wp-json\/wp\/v2\/media?parent=13"}],"curies":[{"name":"wp","href":"https:\/\/api.w.org\/{rel}","templated":true}]}}