{"id":11,"date":"2014-10-25T23:44:39","date_gmt":"2014-10-25T19:44:39","guid":{"rendered":"https:\/\/bestlogistika.com\/2\/?page_id=11"},"modified":"2017-04-21T19:15:48","modified_gmt":"2017-04-21T15:15:48","slug":"dostavka-rf","status":"publish","type":"page","link":"https:\/\/bestlogistika.com\/de\/dostavka-rf\/","title":{"rendered":"Lieferung Russland"},"content":{"rendered":"<p>Die Gruppe <a href=\"https:\/\/bestlogistika.com\" title=\"best\">Best Logistika Cargo<\/a> s.r.o. bietet den internationalen Transport der G\u00fcter unterschiedlicher Komplexit\u00e4t. Professionaler und integrierter Ansatz, langj\u00e4hrige Erfahrung der Mitarbeiter und die Entwicklung der Verkehrseinrichtungen bildeten unserem Unternehmen einen Ruf eines verl\u00e4sslichen Partners und Vollziehers.<\/p>\n<p>Unsere Vorteile:<\/p>\n<p>\u2022 Alle Arten von Fahrzeugen f\u00fcr die Anlieferung Ihrer Waren. Der G\u00fctertransport aus Russland in Europa mit Eurotrucks von 3,5 bis auf 130 Kubikmeter, die Verwendung von K\u00fchlschr\u00e4nken, der Gro\u00df &#8211; und Mitnahmtransport, sowie spezielle LKW, Fahrzeuge mit Genehmigungen f\u00fcr die Bef\u00f6rderung gef\u00e4hrlicher G\u00fcter (ADR) und \u00fcbergro\u00dfe Plattformen.<\/p>\n<p>\u2022 Geographie der Bef\u00f6rderungen. Wir f\u00fchren Export-Import-Frachtverkehr zwischen Russland und den L\u00e4ndern Europas: <\/p>\n<p>&#8211;  westeurop\u00e4ische L\u00e4nder: \u00d6sterreich, Belgien, Deutschland, Holland, Frankreich, Schweiz, Tschechische Republik, Slowenien, der Slowakei, Polen<br \/>\n&#8211; S\u00fcdeuropa: Italien, Spanien, Portugal, Ungarn, Rum\u00e4nien, Bulgarien, T\u00fcrkei, Kroatien, Serbien, Griechenland<br \/>\n&#8211; skandinavische L\u00e4nder &#8211; Schweden, Norwegen, D\u00e4nemark.<\/p>\n<p>\u2022 Flexible Tarife. Nat\u00fcrlich sind die Kosten f\u00fcr den Transport von Waren ein gro\u00dfer Haushaltsposten, den der Frachtversender bei der Auswahl einer Transportgesellschaft betrachtet. Wir optimieren Ihre Kosten f\u00fcr Transport auf der Grundlage eines genauen \u00dcberblicks \u00fcber die Tarife in jeder Richtung.<\/p>\n<p>\u2022 Die Konsultationen in den Au\u00dfenhandelsaktivit\u00e4ten und der Zollabfertigung f\u00fcr unsere Kunden. Bei der Bestellung der internationalen Lieferung von Waren zum ersten Mal muss der Absender sicher sein, dass die Fracht nach allen Regeln des Grenz\u00fcbergangs transportiert wird und alle Dokumente ordnungsgem\u00e4\u00df gefertigt werden. Unser Wissen und unsere Erfahrung erm\u00f6glichen uns, bei der Zollabfertigung in der Planungsphase der Fracht zu beraten, die Erfassung und \u00dcberpr\u00fcfung der Dokumente zu gew\u00e4hrleisten, sowie in einigen F\u00e4llen Zollabfertigung zu implementieren.<\/p>\n<p>\u2022 Cargo-Konsolidierung. In Kooperation mit Verkehrsunternehmen der GUS-Staaten, Polen, Tschechien, Deutschland haben wir die M\u00f6glichkeit Waren in den Lagern unserer Partner zu konsolidieren sowie sie von einem Fahrzeug ins andere zu verladen.<\/p>\n<p>\u2022 Eine st\u00e4ndige Kontrolle der Bewegung von Fahrzeugen. Moderne Ausstattung und Kommunikationssysteme sowie ununterbrochene Information \u00fcber den Verbleib der Waren erm\u00f6glichen den Kunden jederzeit Informationen \u00fcber die transportierte Ware zu erhalten und die Einhaltung der Liefertermine zu \u00fcberwachen.<\/p>\n<p>\u2022 Versicherung jeder Sendung. Unabh\u00e4ngig von der Art und dem Wert der Fracht bieten wir unseren Kunden Versicherungsleistungen f\u00fcr jede Sendung in einem separaten Fahrzeug  auf &#8222;alle Risiken&#8220;.<br \/>\n<\/p>","protected":false},"excerpt":{"rendered":"<p>Die Gruppe Best Logistika Cargo s.r.o. bietet den internationalen Transport der G\u00fcter unterschiedlicher Komplexit\u00e4t. Professionaler und integrierter Ansatz, langj\u00e4hrige Erfahrung der Mitarbeiter und die Entwicklung der Verkehrseinrichtungen bildeten unserem Unternehmen einen Ruf eines verl\u00e4sslichen Partners und Vollziehers. Unsere Vorteile: \u2022 Alle Arten von Fahrzeugen f\u00fcr die Anlieferung Ihrer Waren. Der G\u00fctertransport aus Russland in Europa [&hellip;]<\/p>\n","protected":false},"author":1,"featured_media":0,"parent":0,"menu_order":0,"comment_status":"open","ping_status":"open","template":"","meta":[],"acf":[],"_links":{"self":[{"href":"https:\/\/bestlogistika.com\/de\/wp-json\/wp\/v2\/pages\/11"}],"collection":[{"href":"https:\/\/bestlogistika.com\/de\/wp-json\/wp\/v2\/pages"}],"about":[{"href":"https:\/\/bestlogistika.com\/de\/wp-json\/wp\/v2\/types\/page"}],"author":[{"embeddable":true,"href":"https:\/\/bestlogistika.com\/de\/wp-json\/wp\/v2\/users\/1"}],"replies":[{"embeddable":true,"href":"https:\/\/bestlogistika.com\/de\/wp-json\/wp\/v2\/comments?post=11"}],"version-history":[{"count":21,"href":"https:\/\/bestlogistika.com\/de\/wp-json\/wp\/v2\/pages\/11\/revisions"}],"predecessor-version":[{"id":874,"href":"https:\/\/bestlogistika.com\/de\/wp-json\/wp\/v2\/pages\/11\/revisions\/874"}],"wp:attachment":[{"href":"https:\/\/bestlogistika.com\/de\/wp-json\/wp\/v2\/media?parent=11"}],"curies":[{"name":"wp","href":"https:\/\/api.w.org\/{rel}","templated":true}]}}