{"id":9,"date":"2014-10-25T23:43:16","date_gmt":"2014-10-25T19:43:16","guid":{"rendered":"https:\/\/bestlogistika.com\/2\/?page_id=9"},"modified":"2023-06-19T15:00:06","modified_gmt":"2023-06-19T11:00:06","slug":"about","status":"publish","type":"page","link":"https:\/\/bestlogistika.com\/cs\/about\/","title":{"rendered":"O n\u00e1s"},"content":{"rendered":"<p>Spole\u010dnost BEST LOGISTIKA CARGO p\u016fsob\u00ed na trhu p\u0159epravn\u00edch slu\u017eeb v\u00edce ne\u017e 10 let. BEST LOGISTIKA CARGO je to t\u00fdm odborn\u00edk\u016f, kte\u0159\u00ed jsou p\u0159ipraveni plnit jak\u00e9koliv \u00fakoly spojen\u00e9 s vnitrost\u00e1tn\u00ed a mezin\u00e1rodn\u00ed p\u0159epravou n\u00e1kladu.<\/p>\n<p>P\u0159i realizaci objedn\u00e1vek usilujeme o vybudov\u00e1n\u00ed a zachov\u00e1n\u00ed dlouhodob\u00fdch obchodn\u00edch vztah\u016f.<br \/>\nSpole\u010dnost BEST LOGISTIKA CARGO pro svoje klienty zaji\u0161\u0165uje:<\/p>\n<p>\u2022 po\u017eadovanou pravidelnost p\u0159\u00edsunu vozidel, bez ohledu na intenzitu toku n\u00e1klad\u016f (porad\u00edme si s jak\u00fdmkoliv harmonogramem);<\/p>\n<p>\u2022 v\u010dasnou p\u0159epravu zbo\u017e\u00ed (princip Just In Time);<\/p>\n<p>\u2022 optim\u00e1ln\u00ed \u0159e\u0161en\u00ed pro ka\u017ed\u00fd jednotliv\u00fd n\u00e1klad, sestaven\u00ed individu\u00e1ln\u00edch logistick\u00fdch pl\u00e1n\u016f;<\/p>\n<p>\u2022 pr\u00e1ci s p\u0159ikl\u00e1dkou, kter\u00e1 je dnes velice popt\u00e1van\u00e1;<\/p>\n<p>\u2022 flexibilitu a efektivitu jako jedin\u00e9 mo\u017en\u00e9 podm\u00ednky pro realizaci klientovy objedn\u00e1vky;<\/p>\n<p>\u2022 kvalitn\u00ed servis, orientaci na z\u00e1kazn\u00edka a individu\u00e1ln\u00ed p\u0159\u00edstup ke ka\u017ed\u00e9mu z\u00e1kazn\u00edkovi;<\/p>\n<p>\u2022 rozumnou rovnov\u00e1hu mezi spolehlivost\u00ed, odpov\u011bdnost\u00ed a cenou p\u0159epravy.<\/p>\n<p>Budeme r\u00e1di, kdy\u017e se stanete na\u0161\u00edm z\u00e1kazn\u00edkem \u2013 partnerem na\u0161\u00ed spole\u010dnosti. Budete-li po sv\u011b\u0159en\u00ed n\u00e1m objedn\u00e1vky m\u00edt z\u00e1jem o st\u00e1lou spolupr\u00e1ci, nikdy si toho nep\u0159estaneme v\u00e1\u017eit.<\/p>\n<p><\/p>","protected":false},"excerpt":{"rendered":"<p>Spole\u010dnost BEST LOGISTIKA CARGO p\u016fsob\u00ed na trhu p\u0159epravn\u00edch slu\u017eeb v\u00edce ne\u017e 10 let. BEST LOGISTIKA CARGO je to t\u00fdm odborn\u00edk\u016f, kte\u0159\u00ed jsou p\u0159ipraveni plnit jak\u00e9koliv \u00fakoly spojen\u00e9 s vnitrost\u00e1tn\u00ed a mezin\u00e1rodn\u00ed p\u0159epravou n\u00e1kladu. P\u0159i realizaci objedn\u00e1vek usilujeme o vybudov\u00e1n\u00ed a zachov\u00e1n\u00ed dlouhodob\u00fdch obchodn\u00edch vztah\u016f. Spole\u010dnost BEST LOGISTIKA CARGO pro svoje klienty zaji\u0161\u0165uje: \u2022 po\u017eadovanou pravidelnost [&hellip;]<\/p>\n","protected":false},"author":1,"featured_media":0,"parent":0,"menu_order":0,"comment_status":"open","ping_status":"open","template":"","meta":[],"acf":[],"_links":{"self":[{"href":"https:\/\/bestlogistika.com\/cs\/wp-json\/wp\/v2\/pages\/9"}],"collection":[{"href":"https:\/\/bestlogistika.com\/cs\/wp-json\/wp\/v2\/pages"}],"about":[{"href":"https:\/\/bestlogistika.com\/cs\/wp-json\/wp\/v2\/types\/page"}],"author":[{"embeddable":true,"href":"https:\/\/bestlogistika.com\/cs\/wp-json\/wp\/v2\/users\/1"}],"replies":[{"embeddable":true,"href":"https:\/\/bestlogistika.com\/cs\/wp-json\/wp\/v2\/comments?post=9"}],"version-history":[{"count":27,"href":"https:\/\/bestlogistika.com\/cs\/wp-json\/wp\/v2\/pages\/9\/revisions"}],"predecessor-version":[{"id":1075,"href":"https:\/\/bestlogistika.com\/cs\/wp-json\/wp\/v2\/pages\/9\/revisions\/1075"}],"wp:attachment":[{"href":"https:\/\/bestlogistika.com\/cs\/wp-json\/wp\/v2\/media?parent=9"}],"curies":[{"name":"wp","href":"https:\/\/api.w.org\/{rel}","templated":true}]}}