{"id":13,"date":"2014-10-25T23:44:54","date_gmt":"2014-10-25T19:44:54","guid":{"rendered":"https:\/\/bestlogistika.com\/2\/?page_id=13"},"modified":"2017-04-21T19:06:14","modified_gmt":"2017-04-21T15:06:14","slug":"dostavka-sng","status":"publish","type":"page","link":"https:\/\/bestlogistika.com\/cs\/dostavka-sng\/","title":{"rendered":"P\u0159eprava do zem\u00ed SNS"},"content":{"rendered":"<p>Skupina BEST LOGISTIKA CARGO zaji\u0161\u0165uje p\u0159epravu do zem\u00ed SNS zbo\u017e\u00ed r\u016fzn\u00e9 n\u00e1ro\u010dnosti. D\u00edky profesion\u00e1ln\u00edmu a komplexn\u00edmu p\u0159\u00edstupu, dlouholet\u00fdm zku\u0161enostem zam\u011bstnanc\u016f a rozvinut\u00e9 datab\u00e1zi dopravc\u016f m\u00e1me dobrou pov\u011bst spolehliv\u00e9ho partnera a dodavatele.<br \/>\n<span style=\"text-decoration: underline;\">Na\u0161e p\u0159ednosti<\/span><br \/>\n\u2022 <span style=\"text-decoration: underline;\">V\u0161echny typy vozidel pro p\u0159epravu Va\u0161eho n\u00e1kladu<\/span>. N\u00e1kladn\u00ed doprava do zem\u00ed SNS kamiony evropsk\u00e9ho typu o objemu od 3,5 m3 do 130 m3, vyu\u017eit\u00ed chladic\u00edch voz\u016f, silni\u010dn\u00ed dopravy o mal\u00e9 a velk\u00e9 ton\u00e1\u017ei, specializovan\u00fdch n\u00e1kladn\u00edch vozidel, vozidel s povolen\u00edm pro p\u0159epravu nebezpe\u010dn\u00fdch v\u011bc\u00ed (ADR) a nadrozm\u011brn\u00e9 kamionov\u00e9 p\u0159epravy.<br \/>\n\u2022 <span style=\"text-decoration: underline;\">Geografie n\u00e1kladn\u00ed dopravy.<\/span> Realizujeme p\u0159epravu n\u00e1kladu do t\u011bchto zem\u00ed: Rusko, B\u011blorusko, Ukrajina, Moldavsko, Kazachst\u00e1n, Arm\u00e9nie, Kyrgyzst\u00e1n, Turkmenist\u00e1n, Uzbekist\u00e1n.<br \/>\n\u2022 <span style=\"text-decoration: underline;\">Flexibiln\u00ed tarify.<\/span> V\u00fddaje na p\u0159epravu n\u00e1klad\u016f jsou polo\u017ekou rozpo\u010dtu, kterou zasilatel zbo\u017e\u00ed p\u0159i v\u00fdb\u011bru p\u0159epravn\u00ed spole\u010dnosti nejv\u00edce zohled\u0148uje. Optimalizujeme Va\u0161e p\u0159epravn\u00ed v\u00fddaje, proto\u017ee vych\u00e1z\u00edme z p\u0159esn\u00e9 p\u0159edstavy o tarifech pro jednotliv\u00e9 sm\u011bry.<br \/>\n\u2022 <span style=\"text-decoration: underline;\">Nep\u0159etr\u017eit\u00e9 sledov\u00e1n\u00ed pohybu vozidel.<\/span> Modern\u00ed za\u0159\u00edzen\u00ed, komunika\u010dn\u00ed syst\u00e9my a celodenn\u00ed poskytov\u00e1n\u00ed informac\u00ed o poloze p\u0159epravovan\u00e9ho n\u00e1kladu umo\u017e\u0148uj\u00ed z\u00e1kazn\u00edkovi b\u00fdt v obraze a kontrolovat dodr\u017eov\u00e1n\u00ed dodac\u00ed lh\u016fty.<br \/>\n\u2022 <span style=\"text-decoration: underline;\">Poji\u0161t\u011bn\u00ed ka\u017ed\u00e9ho n\u00e1kladu.<\/span> Nab\u00edz\u00edme na\u0161im z\u00e1kazn\u00edk\u016fm poji\u0161\u0165ovac\u00ed slu\u017eby pro ka\u017ed\u00fd n\u00e1klad v samostatn\u00e9m vozidle s pokryt\u00edm ve\u0161ker\u00fdch rizik, a to bez ohledu na povahu a hodnotu p\u0159epravovan\u00e9ho n\u00e1kladu.<\/p>","protected":false},"excerpt":{"rendered":"<p>Skupina BEST LOGISTIKA CARGO zaji\u0161\u0165uje p\u0159epravu do zem\u00ed SNS zbo\u017e\u00ed r\u016fzn\u00e9 n\u00e1ro\u010dnosti. D\u00edky profesion\u00e1ln\u00edmu a komplexn\u00edmu p\u0159\u00edstupu, dlouholet\u00fdm zku\u0161enostem zam\u011bstnanc\u016f a rozvinut\u00e9 datab\u00e1zi dopravc\u016f m\u00e1me dobrou pov\u011bst spolehliv\u00e9ho partnera a dodavatele. Na\u0161e p\u0159ednosti \u2022 V\u0161echny typy vozidel pro p\u0159epravu Va\u0161eho n\u00e1kladu. N\u00e1kladn\u00ed doprava do zem\u00ed SNS kamiony evropsk\u00e9ho typu o objemu od 3,5 m3 do [&hellip;]<\/p>\n","protected":false},"author":1,"featured_media":0,"parent":0,"menu_order":0,"comment_status":"open","ping_status":"open","template":"","meta":[],"acf":[],"_links":{"self":[{"href":"https:\/\/bestlogistika.com\/cs\/wp-json\/wp\/v2\/pages\/13"}],"collection":[{"href":"https:\/\/bestlogistika.com\/cs\/wp-json\/wp\/v2\/pages"}],"about":[{"href":"https:\/\/bestlogistika.com\/cs\/wp-json\/wp\/v2\/types\/page"}],"author":[{"embeddable":true,"href":"https:\/\/bestlogistika.com\/cs\/wp-json\/wp\/v2\/users\/1"}],"replies":[{"embeddable":true,"href":"https:\/\/bestlogistika.com\/cs\/wp-json\/wp\/v2\/comments?post=13"}],"version-history":[{"count":44,"href":"https:\/\/bestlogistika.com\/cs\/wp-json\/wp\/v2\/pages\/13\/revisions"}],"predecessor-version":[{"id":873,"href":"https:\/\/bestlogistika.com\/cs\/wp-json\/wp\/v2\/pages\/13\/revisions\/873"}],"wp:attachment":[{"href":"https:\/\/bestlogistika.com\/cs\/wp-json\/wp\/v2\/media?parent=13"}],"curies":[{"name":"wp","href":"https:\/\/api.w.org\/{rel}","templated":true}]}}