{"id":11,"date":"2014-10-25T23:44:39","date_gmt":"2014-10-25T19:44:39","guid":{"rendered":"https:\/\/bestlogistika.com\/2\/?page_id=11"},"modified":"2017-04-21T19:15:48","modified_gmt":"2017-04-21T15:15:48","slug":"dostavka-rf","status":"publish","type":"page","link":"https:\/\/bestlogistika.com\/cs\/dostavka-rf\/","title":{"rendered":"P\u0159eprava do Ruska"},"content":{"rendered":"<p>Skupina BEST LOGISTIKA CARGO zaji\u0161\u0165uje p\u0159epravu do zem\u00ed SNS zbo\u017e\u00ed r\u016fzn\u00e9 n\u00e1ro\u010dnosti. D\u00edky profesion\u00e1ln\u00edmu a komplexn\u00edmu p\u0159\u00edstupu, dlouholet\u00fdm zku\u0161enostem zam\u011bstnanc\u016f a rozvinut\u00e9 datab\u00e1zi dopravc\u016f m\u00e1me dobrou pov\u011bst spolehliv\u00e9ho partnera a dodavatele.<\/p>\n<p><span style=\"text-decoration: underline;\">Na\u0161e p\u0159ednosti:<\/span><\/p>\n<p>\u2022 <span style=\"text-decoration: underline;\">V\u0161echny typy vozidel pro p\u0159epravu Va\u0161eho n\u00e1kladu.<\/span> N\u00e1kladn\u00ed doprava z Ruska do v\u0161ech evropsk\u00fdch zem\u00ed kamiony evropsk\u00e9ho typu o objemu od 3,5 m3 do 130 m3, vyu\u017eit\u00ed chladic\u00edch voz\u016f, silni\u010dn\u00ed dopravy o mal\u00e9 a velk\u00e9 ton\u00e1\u017ei, specializovan\u00fdch n\u00e1kladn\u00edch vozidel, vozidel s povolen\u00edm pro p\u0159epravu nebezpe\u010dn\u00fdch v\u011bc\u00ed (ADR) a nadrozm\u011brn\u00e9 kamionov\u00e9 p\u0159epravy.<\/p>\n<p>\u2022 <span style=\"text-decoration: underline;\">Geografie n\u00e1kladn\u00ed dopravy.<\/span> Realizujeme v\u00fdvozn\u00ed a dovozn\u00ed p\u0159epravu n\u00e1klad\u016f mezi Ruskem a evropsk\u00fdmi zem\u011bmi:<br \/>\n&#8211; z\u00e1padn\u00ed Evropa \u2013 Rakousko, Belgie, N\u011bmecko, Nizozemsko, Francie, \u0160v\u00fdcarsko, \u010cesk\u00e1 republika, Slovinsko, Slovensko, Polsko;<br \/>\n&#8211; ji\u017en\u00ed Evropa \u2013 It\u00e1lie, \u0160pan\u011blsko, Portugalsko, Ma\u010farsko, Rumunsko, Bulharsko, Turecko, Chorvatsko, Srbsko, \u0158ecko;<br \/>\n&#8211; Seversk\u00e9 st\u00e1ty \u2013 \u0160v\u00e9dsko, Norsko, D\u00e1nsko.<\/p>\n<p>\u2022 <span style=\"text-decoration: underline;\">Flexibiln\u00ed tarify.<\/span> V\u00fddaje na p\u0159epravu n\u00e1klad\u016f jsou polo\u017ekou rozpo\u010dtu, kterou zasilatel zbo\u017e\u00ed p\u0159i v\u00fdb\u011bru p\u0159epravn\u00ed spole\u010dnosti nejv\u00edce zohled\u0148uje. Optimalizujeme Va\u0161e p\u0159epravn\u00ed v\u00fddaje, proto\u017ee vych\u00e1z\u00edme z p\u0159esn\u00e9 p\u0159edstavy o tarifech pro jednotliv\u00e9 sm\u011bry.<\/p>\n<p>\u2022<span style=\"text-decoration: underline;\"> Poradenstv\u00ed v oblasti zahrani\u010dn\u00ed ekonomick\u00e9 \u010dinnosti a celn\u00edho odbaven\u00ed pro na\u0161e z\u00e1kazn\u00edky.<\/span> Kdy\u017e zasilatel objedn\u00e1v\u00e1 mezin\u00e1rodn\u00ed p\u0159epravu n\u00e1kladu poprv\u00e9, chce si b\u00fdt jist, \u017ee n\u00e1klad bude p\u0159epraven v souladu se v\u0161emi pravidly hrani\u010dn\u00edho p\u0159echodu a \u017ee ve\u0161ker\u00e9 pot\u0159ebn\u00e9 doklady budou \u0159\u00e1dn\u011b vystaveny. D\u00edky sv\u00fdm znalostem a zku\u0161enostem m\u016f\u017eeme poskytovat poradenstv\u00ed v oblasti celn\u00edho odbaven\u00ed je\u0161t\u011b ve f\u00e1zi pl\u00e1nov\u00e1n\u00ed p\u0159epravy n\u00e1kladu, obstar\u00e1vat p\u0159\u00edslu\u0161n\u00e9 doklady a zaji\u0161\u0165ovat jejich kontrolu, jako\u017e i prov\u00e1d\u011bt v n\u011bkter\u00fdch p\u0159\u00edpadech samotn\u00e9 celn\u00ed odbaven\u00ed n\u00e1kladu.<\/p>\n<p>\u2022 <span style=\"text-decoration: underline;\">Konsolidace n\u00e1klad\u016f.<\/span> Spolupracujeme s dopravn\u00edmi spole\u010dnostmi zem\u00ed SNS, \u010cesk\u00e9 republiky, Polska, N\u011bmecka, a proto m\u016f\u017eeme zajistit konsolidaci n\u00e1klad\u016f ve skladech na\u0161ich partner\u016f, skladov\u00e1n\u00ed a p\u0159ekl\u00e1dku z jednoho vozidla do jin\u00e9ho.<\/p>\n<p>\u2022 <span style=\"text-decoration: underline;\">Nep\u0159etr\u017eit\u00e9 sledov\u00e1n\u00ed pohybu vozidel.<\/span> Modern\u00ed za\u0159\u00edzen\u00ed, komunika\u010dn\u00ed syst\u00e9my a celodenn\u00ed poskytov\u00e1n\u00ed informac\u00ed o poloze p\u0159epravovan\u00e9ho n\u00e1kladu umo\u017e\u0148uj\u00ed z\u00e1kazn\u00edkovi b\u00fdt v obraze a kontrolovat dodr\u017eov\u00e1n\u00ed dodac\u00ed lh\u016fty.<\/p>\n<p>\u2022 <span style=\"text-decoration: underline;\">Poji\u0161t\u011bn\u00ed ka\u017ed\u00e9ho n\u00e1kladu.<\/span> Nab\u00edz\u00edme na\u0161im z\u00e1kazn\u00edk\u016fm poji\u0161\u0165ovac\u00ed slu\u017eby pro ka\u017ed\u00fd n\u00e1klad v samostatn\u00e9m vozidle s pokryt\u00edm ve\u0161ker\u00fdch rizik, a to bez ohledu na povahu a hodnotu p\u0159epravovan\u00e9ho n\u00e1kladu.<\/p>","protected":false},"excerpt":{"rendered":"<p>Skupina BEST LOGISTIKA CARGO zaji\u0161\u0165uje p\u0159epravu do zem\u00ed SNS zbo\u017e\u00ed r\u016fzn\u00e9 n\u00e1ro\u010dnosti. D\u00edky profesion\u00e1ln\u00edmu a komplexn\u00edmu p\u0159\u00edstupu, dlouholet\u00fdm zku\u0161enostem zam\u011bstnanc\u016f a rozvinut\u00e9 datab\u00e1zi dopravc\u016f m\u00e1me dobrou pov\u011bst spolehliv\u00e9ho partnera a dodavatele. Na\u0161e p\u0159ednosti: \u2022 V\u0161echny typy vozidel pro p\u0159epravu Va\u0161eho n\u00e1kladu. N\u00e1kladn\u00ed doprava z Ruska do v\u0161ech evropsk\u00fdch zem\u00ed kamiony evropsk\u00e9ho typu o objemu od [&hellip;]<\/p>\n","protected":false},"author":1,"featured_media":0,"parent":0,"menu_order":0,"comment_status":"open","ping_status":"open","template":"","meta":[],"acf":[],"_links":{"self":[{"href":"https:\/\/bestlogistika.com\/cs\/wp-json\/wp\/v2\/pages\/11"}],"collection":[{"href":"https:\/\/bestlogistika.com\/cs\/wp-json\/wp\/v2\/pages"}],"about":[{"href":"https:\/\/bestlogistika.com\/cs\/wp-json\/wp\/v2\/types\/page"}],"author":[{"embeddable":true,"href":"https:\/\/bestlogistika.com\/cs\/wp-json\/wp\/v2\/users\/1"}],"replies":[{"embeddable":true,"href":"https:\/\/bestlogistika.com\/cs\/wp-json\/wp\/v2\/comments?post=11"}],"version-history":[{"count":21,"href":"https:\/\/bestlogistika.com\/cs\/wp-json\/wp\/v2\/pages\/11\/revisions"}],"predecessor-version":[{"id":874,"href":"https:\/\/bestlogistika.com\/cs\/wp-json\/wp\/v2\/pages\/11\/revisions\/874"}],"wp:attachment":[{"href":"https:\/\/bestlogistika.com\/cs\/wp-json\/wp\/v2\/media?parent=11"}],"curies":[{"name":"wp","href":"https:\/\/api.w.org\/{rel}","templated":true}]}}